{"id":33,"date":"2014-01-31T17:21:17","date_gmt":"2014-01-31T15:21:17","guid":{"rendered":"http:\/\/collegiumvocale.info\/?page_id=33"},"modified":"2026-04-21T14:15:30","modified_gmt":"2026-04-21T12:15:30","slug":"konzerte","status":"publish","type":"page","link":"https:\/\/collegiumvocale.info\/?page_id=33","title":{"rendered":"Konzertchronik"},"content":{"rendered":"<h3><strong>2013\/14<\/strong><\/h3>\n<h4><strong>23. November 2013,\u00a0<span style=\"font-size: 1em; line-height: 1.5em;\">Pfarrkirche Saggen<\/span><\/strong><\/h4>\n<h4 style=\"text-align: justify;\">Abschlusskonzert Chorleiterkurs tsb<\/h4>\n<p>Johann Christoph Friedrich Bach: Ich lieg und schlafe ganz mit Frieden \u2013 Heinrich Isaak: O heil\u2019ge Seelenspeise \u2013 Thomas Tallis: If Ye Love Me \u2013 Giovanni Perluigi da Palestrina: Sicut cervus desiderat \u2013 Tom\u00e1s Ludovico da Vittoria: Ave Maria \u2013 Johann Sebastian Bach: Wer nur den lieben Gott l\u00e4sst walten \u2013 Felix Mendelssohn-Bartholdy: Verleih uns Frieden \u2013 Maurice Durufl\u00e9: Notre p\u00e8re \u2013 Hugo Distler: Wie der Hirsch schreiet \u2013 Moses Hogan: Hear my pray&#8217;r, Lord \u2013 Wollfram Wagner: aus der Musik zur Erler Jubil\u00e4umspassion 2013<\/p>\n<h3><strong>2012\/13<\/strong><\/h3>\n<h4><strong>Dienstag, 28. Mai 2013, 20 Uhr,\u00a0Pfarrkirche Saggen<\/strong><\/h4>\n<h4>Luigi Cherubini:\u00a0Requiem in c-moll<br \/>\nFelix Mendelssohn BartholdyKyrie in d-moll<br \/>\nLudwig van Beethoven: Trauermarsch aus der Eroica<\/h4>\n<h6><strong>Kammerchor Collegium vocale Innsbruck<\/strong><br \/>\n<strong>Cappella Istropolitana<\/strong><br \/>\n<strong>Leitung: Bernhard Sieberer<\/strong><\/h6>\n<p><a href=\"http:\/\/collegiumvocale.info\/wp-content\/uploads\/2014\/02\/cv_konzert_Cherubini_Requiem_Einladung_Mail.jpg\"><img decoding=\"async\" loading=\"lazy\" class=\"alignnone  wp-image-123\" src=\"http:\/\/collegiumvocale.info\/wp-content\/uploads\/2014\/02\/cv_konzert_Cherubini_Requiem_Einladung_Mail.jpg\" alt=\"cv_konzert_Cherubini_Requiem_Einladung_Mail\" width=\"603\" height=\"284\" srcset=\"https:\/\/collegiumvocale.info\/wp-content\/uploads\/2014\/02\/cv_konzert_Cherubini_Requiem_Einladung_Mail.jpg 1240w, https:\/\/collegiumvocale.info\/wp-content\/uploads\/2014\/02\/cv_konzert_Cherubini_Requiem_Einladung_Mail-300x141.jpg 300w, https:\/\/collegiumvocale.info\/wp-content\/uploads\/2014\/02\/cv_konzert_Cherubini_Requiem_Einladung_Mail-1024x482.jpg 1024w\" sizes=\"(max-width: 603px) 100vw, 603px\" \/><\/a><\/p>\n<h4><strong>Samstag, 5. J\u00e4nner 2013, <span style=\"font-size: 1em; line-height: 1.5em;\">Alte Kirche, Garmisch<\/span><\/strong><br \/>\n<strong>Sonntag, 6. J\u00e4nner 2013, <span style=\"font-size: 1em; line-height: 1.5em;\">Evangelische Christuskirche, Innsbruck<\/span><\/strong><\/h4>\n<h4>Benjamin Britten:\u00a0A Ceremony of Carols<\/h4>\n<p>William Croft:\u00a0 Sarabande and Ground f\u00fcr Harfe solo\u00a0\u2013 Giovanni Perluigi da Palestrina: Sicut cervus desiderat ad fontest \u2013 Gabriel Faur\u00e9: Impromptue f\u00fcr Harfe solo \u2013 Marc-Antoine Charpentier: In nativitatem Domini nostri Jesu Christi canticumo \u2013 John Thomas: The Ministrels adieu to his native land f\u00fcr Harfe soloo \u2013 Benjamin Britten: A Ceremony of Carols<\/p>\n<h6><strong>Vera Schoenenberg \u2013 Sopran<\/strong><br \/>\n<strong>Anton Pfi sterer \u2013 Fl\u00f6te<\/strong><br \/>\n<strong>Gwyneth Wentkin \u2013 Harfe<\/strong><br \/>\n<strong>Kammerchor Collegium vocale Innsbruck<\/strong><br \/>\n<strong>Leitung &#8211; Bernhard Sieberer<\/strong><\/h6>\n<p><a href=\"http:\/\/collegiumvocale.info\/wp-content\/uploads\/2014\/02\/cv_konzert_Ceremony_of_Carols_Einladung2_EMail.jpg\"><img decoding=\"async\" loading=\"lazy\" class=\"alignnone  wp-image-118\" src=\"http:\/\/collegiumvocale.info\/wp-content\/uploads\/2014\/02\/cv_konzert_Ceremony_of_Carols_Einladung2_EMail.jpg\" alt=\"cv_konzert_Ceremony_of_Carols_Einladung2_EMail\" width=\"643\" height=\"303\" srcset=\"https:\/\/collegiumvocale.info\/wp-content\/uploads\/2014\/02\/cv_konzert_Ceremony_of_Carols_Einladung2_EMail.jpg 1240w, https:\/\/collegiumvocale.info\/wp-content\/uploads\/2014\/02\/cv_konzert_Ceremony_of_Carols_Einladung2_EMail-300x141.jpg 300w, https:\/\/collegiumvocale.info\/wp-content\/uploads\/2014\/02\/cv_konzert_Ceremony_of_Carols_Einladung2_EMail-1024x482.jpg 1024w\" sizes=\"(max-width: 643px) 100vw, 643px\" \/><\/a><\/p>\n<h4><strong>Samstag, 1. Dezember 2012, Pauluskirche Innsbruck<\/strong><\/h4>\n<h4>Pr\u00e4sentation der CD \u201eO Fortuna\u201c<\/h4>\n<h4><strong>Samstag, 17. November 2012, Girlan, S\u00fcdtirol<\/strong><\/h4>\n<h4>Messgestaltung<\/h4>\n<p>Giovanni Perluigi da Palestrina: Sicut cervus desiderat ad fontes \u2013 Thomas Tallis: If Ye Love Mes \u2013 Johann Sebastian Bach: Wer nur den lieben Gott l\u00e4sst waltens \u2013 Felix Mendelssohn-Bartholdy: Verleih uns Frieden gn\u00e4diglichs \u2013 Heinrich Isaak: O heil\u2019ge Seelenspeises \u2013 Hugo Distler: Wie der Hirsch schreiets \u2013 Felix Mendelssohn-Bartholdy: Herr, nun l\u00e4ssest du deinen Diener<\/p>\n<h3>2011\/12<\/h3>\n<h4><strong>Samstag, 30. Juni 2012, Pfarrkirche Saggen<\/strong><\/h4>\n<h4>Musikalisches Gedenken an Adi Karlinger<\/h4>\n<p>Felix Mendelssohn-Bartholdy: Verleih uns Frieden gn\u00e4diglich\u00a0\u2013 Antonio Lotti \u2013 Adoramus te, Christe \u2013 Johann Pachelbel: Was Gott tut, das ist wohl getan \u2013 Anonymus: Stabat mater \u2013 Johann Sebastian Bach: Wohl mir, dass ich Jesum habe \u2013 Anton Bruckner: Os justi \u2013 Felix Mendelssohn-Bartholdy: Wie lieblich sind die Boten \u2013 Martin Lehr: Scholom a\u2019l\u00ebichem \u2013 Felix Mendelssohn-Bartholdy: H\u00f6r mein Bitten \u2013 Hugo Distler: Wie der Hirsch schreiet \u2013 Franz Schmidt: O wie selig seid ihr doch, ihr Frommen \u2013 John Thomas: The Ministrel\u2019s Adieu to His Native Land \u2013 Gabriel Faur\u00e9: Cantique de Jean Racine \u2013 Felix Mendelssohn-Bartholdy: Herr, nun l\u00e4ssest du deinen Diener in Frieden fahren<\/p>\n<h4><strong>27. April 2012, Stiftskriche Wilten<\/strong><\/h4>\n<h4>Schubert: Messe in Es-Dur<\/h4>\n<h4>Felix Mendelssohn-Bartholdy: Verleih uns Frieden gn\u00e4diglich<\/h4>\n<h4>Franz Schubert: Messe in Es-Dur<\/h4>\n<h6><strong>Mechthild Bach, Sopran<\/strong><br \/>\n<strong>Barbara H\u00f6lz, Alt<\/strong><br \/>\n<strong>Johannes Chu, Tenor<\/strong><br \/>\n<strong>Nicholas Manzell, Tenor<\/strong><br \/>\n<strong>Markus Flaig, Bass<\/strong><br \/>\n<strong>Kammerorchester Cappella Istropolitana<\/strong><br \/>\n<strong>Leitung \u2013 Bernhard Sieberer<\/strong><\/h6>\n<p><a href=\"http:\/\/collegiumvocale.info\/wp-content\/uploads\/2014\/02\/cv_konzert_Schubert_2012_einladung_email.jpg\"><img decoding=\"async\" loading=\"lazy\" class=\"alignnone  wp-image-121\" src=\"http:\/\/collegiumvocale.info\/wp-content\/uploads\/2014\/02\/cv_konzert_Schubert_2012_einladung_email.jpg\" alt=\"cv_konzert_Schubert_2012_einladung_email\" width=\"679\" height=\"320\" srcset=\"https:\/\/collegiumvocale.info\/wp-content\/uploads\/2014\/02\/cv_konzert_Schubert_2012_einladung_email.jpg 1240w, https:\/\/collegiumvocale.info\/wp-content\/uploads\/2014\/02\/cv_konzert_Schubert_2012_einladung_email-300x141.jpg 300w, https:\/\/collegiumvocale.info\/wp-content\/uploads\/2014\/02\/cv_konzert_Schubert_2012_einladung_email-1024x482.jpg 1024w\" sizes=\"(max-width: 679px) 100vw, 679px\" \/><\/a><\/p>\n<h4><strong>17. M\u00e4rz 2012, Innsbruck<\/strong><\/h4>\n<h4>Die lange Nacht der Ch\u00f6re<\/h4>\n<h4><a href=\"http:\/\/collegiumvocale.info\/wp-content\/uploads\/2014\/02\/web_Flyer_Nacht_der_Innsbruckchoere-Kopie-e1392653201505.jpg\"><img decoding=\"async\" loading=\"lazy\" class=\"alignnone  wp-image-109\" src=\"http:\/\/collegiumvocale.info\/wp-content\/uploads\/2014\/02\/web_Flyer_Nacht_der_Innsbruckchoere-Kopie-e1392653201505.jpg\" alt=\"web_Flyer_Nacht_der_Innsbruckchoere Kopie\" width=\"209\" height=\"444\" \/><\/a><\/h4>\n<h4><strong>Samstag, 17. Dez. 2011, Pfarrkirche Saggen<\/strong><\/h4>\n<h4>A Festival of Nine Lessons and Carols<\/h4>\n<p>Weihnachtliche Andacht in der Tradition des King&#8217;s College, Cambridge<br \/>\n(Biblische Texte und englische Weihnachtslieder)<\/p>\n<h6><strong>Matthias Egger (Orgel)<\/strong><br \/>\n<strong>Leitung: Michel K\u00f6nig<\/strong><\/h6>\n<p><a href=\"http:\/\/collegiumvocale.info\/wp-content\/uploads\/2014\/02\/Flyer-99x210.jpg\"><img decoding=\"async\" loading=\"lazy\" class=\"alignnone  wp-image-130\" src=\"http:\/\/collegiumvocale.info\/wp-content\/uploads\/2014\/02\/Flyer-99x210.jpg\" alt=\"Flyer 99x210\" width=\"323\" height=\"686\" srcset=\"https:\/\/collegiumvocale.info\/wp-content\/uploads\/2014\/02\/Flyer-99x210.jpg 584w, https:\/\/collegiumvocale.info\/wp-content\/uploads\/2014\/02\/Flyer-99x210-141x300.jpg 141w, https:\/\/collegiumvocale.info\/wp-content\/uploads\/2014\/02\/Flyer-99x210-482x1024.jpg 482w\" sizes=\"(max-width: 323px) 100vw, 323px\" \/><\/a><\/p>\n<h4><strong>Freitag, 11. November 2011, Kufstein<\/strong><\/h4>\n<h4>C\u00e4cilienkonzert<\/h4>\n<p><a href=\"http:\/\/collegiumvocale.info\/wp-content\/uploads\/2014\/02\/C\u00e4cilienkonzert-2011-Heft-e1392652999463.jpg\"><img decoding=\"async\" loading=\"lazy\" class=\"\" src=\"http:\/\/collegiumvocale.info\/wp-content\/uploads\/2014\/02\/C\u00e4cilienkonzert-2011-Heft-e1392652999463.jpg\" alt=\"C\u00e4cilienkonzert 2011 Heft\" width=\"208\" height=\"294\" \/><\/a><\/p>\n<h2>2010\/11<\/h2>\n<h4><strong>Dienstag, 28. Juni 2011, Pfarrkirche Saggen<\/strong><\/h4>\n<h4>Gabriel Faur\u00e9: Requiem<\/h4>\n<p>Guillaume de Machaut\u00a0: Ma fin est mon commencement \u2013 Claude Debussy\u00a0: Clair de lune \u2013 Gabriel Faur\u00e9\u00a0: Clair de lune \u2013 Claude Debussy\u00a0: Danses \u2013 Gabriel Faur\u00e9: Cantique de Jean Racine \u2013 Andr\u00e9 Caplet: Les pri\u00e8res \u2013 C\u00e9sar Franck: Panis angelicus \u2013 Gabriel Faur\u00e9: Requiem<\/p>\n<h6><strong>Nathalie Gaudefroy, Sopran<\/strong><br \/>\n<strong>Markus Flaig, Bass<\/strong><br \/>\n<strong>Anja Linder, Harfe<\/strong><br \/>\n<strong>Annelies Oberschmied, Orgel<\/strong><br \/>\n<strong>Kammerorchester Cappella Istropolitana<\/strong><br \/>\n<strong>Leitung \u2013 Bernhard Sieberer<\/strong><\/h6>\n<p><a href=\"http:\/\/collegiumvocale.info\/wp-content\/uploads\/2014\/02\/Einladung-Faur\u00e9-Requiem.jpg\"><img decoding=\"async\" loading=\"lazy\" class=\"alignnone  wp-image-120\" src=\"http:\/\/collegiumvocale.info\/wp-content\/uploads\/2014\/02\/Einladung-Faur\u00e9-Requiem.jpg\" alt=\"Einladung Faur\u00e9-Requiem\" width=\"636\" height=\"300\" srcset=\"https:\/\/collegiumvocale.info\/wp-content\/uploads\/2014\/02\/Einladung-Faur\u00e9-Requiem.jpg 1240w, https:\/\/collegiumvocale.info\/wp-content\/uploads\/2014\/02\/Einladung-Faur\u00e9-Requiem-300x141.jpg 300w, https:\/\/collegiumvocale.info\/wp-content\/uploads\/2014\/02\/Einladung-Faur\u00e9-Requiem-1024x482.jpg 1024w\" sizes=\"(max-width: 636px) 100vw, 636px\" \/><\/a><\/p>\n<h4><strong>Samstag, 11. Juni 2011, Jesuitenkirche Innsbruck<\/strong><\/h4>\n<h4>Messe am Pfingstsamstag<\/h4>\n<p>Faur\u00e9: Cantique de Jean Racine \u2013 Schein: Wie lieblich sind deine Wohnungen \u2013 Bach: Wohl mir, dass ich Jesum habe \u2013 Schubert: Heilig \u2013 Tallis: \u2013 If ye love me \u2013 Isaak: O heil\u00b4ge Seelenspeise \u2013 Scholefield: Du l\u00e4sst den Tag, o Gott, nun enden \u2013 Rheinberger: Abendlied \u2013 Faur\u00e9: aus Requiem<\/p>\n<h4><strong>Montag, 16. Mai 2011, Innsbruck<\/strong><\/h4>\n<h4>\u201e\u00d6sterreich singt\u201c: friedlicher S\u00e4ngerstreit am Berg Isel<\/h4>\n<h4><strong>Sonntag, 3. Oktober 2010, Dogana, Congress Innsbruc<\/strong><\/h4>\n<h4>Jubil\u00e4umskonzert: 150 Jahre tsb<\/h4>\n<p>K\u00f6nig David: Arthur Honegger<br \/>\nSymphonischer Psalm in drei Teilen nach dem Drama von Ren\u00e9 Morax<br \/>\nF\u00fcr eine Sprechstimme, Soli, Gemischten Chor und Orchester<\/p>\n<h6><strong>Isabel Hindersin, Hexe<\/strong><br \/>\n<strong>Jennifer Chamandy, Sopran<\/strong><br \/>\n<strong>Lysianne Tremblay, Alt<\/strong><br \/>\n<strong>Albrecht Sack, Tenor<\/strong><br \/>\n<strong>Stephan Rehm, Erz\u00e4hler<\/strong><br \/>\n<strong>Kammerchor Collegium vocale Innsbruck<\/strong><br \/>\n<strong>Gemeinsam mit Kammerchor Innsbruck, Pitztalchor, Tiroler Motettenchor Stadt W\u00f6rgl, Vokalensemble Vocapella Innsbruck<\/strong><br \/>\n<strong>Tiroler Symphonieorchester Innsbruck<br \/>\n<\/strong><strong>Leitung: Howard Arman<span style=\"line-height: 1.5em;\">\u00a0<\/span><\/strong><\/h6>\n<h4><a href=\"http:\/\/collegiumvocale.info\/wp-content\/uploads\/2014\/02\/small_flyer_koenigdavid3-e1392653283309.jpg\"><img decoding=\"async\" loading=\"lazy\" class=\"alignnone  wp-image-107\" src=\"http:\/\/collegiumvocale.info\/wp-content\/uploads\/2014\/02\/small_flyer_koenigdavid3-e1392653283309.jpg\" alt=\"small_flyer_koenigdavid3\" width=\"285\" height=\"403\" \/><\/a><\/h4>\n<h2>2009\/10<\/h2>\n<h4><strong>Sonntag, 20. Juni 2010, 20 Uhr, Pfarrkirche St. Paulus<\/strong><\/h4>\n<h4>Jubil\u00e4umskonzert: 25 Jahre Kammerchor Collegium vocale Innsbruck<\/h4>\n<h4>Felix Mendelssohn-Bartholdy: Paulus<\/h4>\n<h6><strong>Maria Erlacher, Sopran<\/strong><br \/>\n<strong>Kristina Cosumano, Alt<\/strong><br \/>\n<strong>Brenden Gunnell, Tenor<\/strong><br \/>\n<strong>Daniel, Schmutzhart Bass<\/strong><br \/>\n<strong>Sinfonietta Vorarlberg<\/strong><br \/>\n<strong>Kammerchor Collegium vocale Innsbruck<\/strong><br \/>\n<strong>Leitung: Christoph Klemm<\/strong><\/h6>\n<h4><strong>Samstag, 12. Dezember 2009, 18.00 Uhr, Dom Innsbruck<\/strong><\/h4>\n<h4>Chorkonzert<\/h4>\n<p>Francisco Guerrero: Rorate coeli \u2013 Hans Leo Hassler: Dixit Maria \u2013 Alonso Lobo: Ave Regina coelorum \u2013 Heinrich Sch\u00fctz: Verleih uns Frieden \u2013 Heinrich Sch\u00fctz: Also hat Gott die Welt geliebt \u2013 Felix Mendelssohn-Bartholdy: Im Advent \u2013 Felix Mendelssohn-Bartholdy: Mein Herz erhebet Gott den Herrn \u2013 Johannes Brahms: O Heiland rei\u00df die Himmel auf \u2013 Arvo P\u00e4rt: Magnificat \u2013 Trond Kverno: Ave maris stella<\/p>\n<h2>2008\/09<\/h2>\n<h4><strong>Samstag, 4. Juli 2009, Linz<\/strong><\/h4>\n<h4>\u00d6sterreichischen Chorwettbewerb \u201eAustria Cantat\u201c<\/h4>\n<p>Anfang Juli fand in Linz, Kulturhauptstadt 2009, der Chorwettbewerb \u201eAustria Cantat\u201c statt.<br \/>\nAls einziger gemischter Chor aus Tirol nahm der Kammerchor Collegium vocale Innsbruck unter der Leitung von Christoph Klemm an diesem Wettbewerb teil und konnte sich mit einem abwechslungsreichen und anspruchsvollem Programm das Pr\u00e4dikat \u201eSehr gut\u201c ersingen.<\/p>\n<h4><strong>Dienstag, 24. M\u00e4rz 2009, Dom St. Jakob<\/strong><\/h4>\n<h4>Chorkonzert<\/h4>\n<p>Heinrich Sch\u00fctz: Verleih uns Frieden \u2013 Gunter Waldek: St\u00fcrme (Pflichtst\u00fcck) \u2013 Imant Raminsh: Put vejini \u2013<br \/>\nJack Halloran: Witness \u2013 Johann Sebastian Bach: Markus-Passion<\/p>\n<h6><strong>Vera Sch\u00f6nenberg, Sopran<\/strong><br \/>\n<strong>Bernhard Landauer, Alt<\/strong><br \/>\n<strong>Gernot Heinrich, Tenor<\/strong><br \/>\n<strong>Martin Senfter, Bass<\/strong><br \/>\n<strong>Kammerchor Collegium vocale Innsbruck<\/strong><br \/>\n<strong>Domorchester Innsbruck<\/strong><br \/>\n<strong>Leitung: Christoph Klemm<\/strong><\/h6>\n<h4><strong>Samstag, 20. Dezember 2008, Innsbruck Dom St. Jakob<\/strong><br \/>\n<strong>Sonntag, 21. Dezember 2008, Brixen Dom<\/strong><\/p>\n<p>O Heiland rei\u00df&#8216; die Himmel auf<br \/>\nChormusik zur Adventzeit<\/h4>\n<p>Dietrich Buxtehude (1637-1707): Passacaglia in d Jack \u2013 Heinrich Sch\u00fctz (1585-1672): Verleih uns Frieden \u2013 Felix Mendelssohn (1809-1847): Im Advent \u2013 Felix Mendelssohn (1809-1847): Mein Herz erhebet Gott den Herrn \u2013 Anton Bruckner (1824-1896): Virga Jesse \u2013 Anton Bruckner (1824-1896): Ave Maria \u2013 Johann Sebastian Bach (1685-1750) : \u00abWachet auf ruft uns die Stimme\u00bb BWV645 \u2013 Johannes Brahms (1833-1897): Motette \u201eO Heiland rei\u00df die Himmel auf\u201c \u2013 Johan-Magnus Sj\u00f6berg (*1953): Ave maris stella \u2013 Marco Enrico Bossi (1861-1925): Chant du Soir \u2013 Arvo P\u00e4rt (*1935): Magnificat \u2013 Andrew Carter (*1939): Aria \u2013 Trond Kverno (*1945): Ave maris stella \u2013 Max Reger (1873-1916): Nachtlied<\/p>\n<h6><strong>Collegium Vocale Innsbruck<\/strong><br \/>\n<strong>Orgel: Reinhard Jaud<\/strong><br \/>\n<strong>Leitung: Christoph Klemm<\/strong><\/h6>\n<p><a href=\"http:\/\/collegiumvocale.info\/wp-content\/uploads\/2014\/02\/landeck-28.11-e1392653141661.jpg\"><img decoding=\"async\" loading=\"lazy\" class=\"alignnone  wp-image-111\" src=\"http:\/\/collegiumvocale.info\/wp-content\/uploads\/2014\/02\/landeck-28.11-e1392653141661.jpg\" alt=\"landeck 28.11\" width=\"376\" height=\"532\" \/><\/a><\/p>\n<h4><span style=\"font-size: 1.5em; line-height: 1.5em;\">2007\/08<\/span><\/h4>\n<h4><strong>Dienstag, 12. Juni 2007, Jesuitenkirche<\/strong><\/h4>\n<h4>Festliche Chormusik<br \/>\nClaudio Monteverdi und Heinrich Sch\u00fctz<\/h4>\n<h6><strong>Veronika Winter, Miriam Feuersinger, Sopran<\/strong><br \/>\n<strong>Markus Brutscher, Sebastian H\u00fcbner, Tenor<\/strong><br \/>\n<strong>Markus Flaig, Wolf Matthias Friedrich, Bass<\/strong><br \/>\n<strong>Kerstin Erben, \u00c9va Posvanecz, Violinen<\/strong><br \/>\n<strong>Bernhard Jauch, Bernhard Hagspiel, Gerald P\u00f6ttinger, Posaunen<\/strong><br \/>\n<strong>Christian Beuse, Dulcian<\/strong><br \/>\n<strong>Bal\u00e0zs M\u00e0t\u00e9, Violoncello<\/strong><br \/>\n<strong>Antal Suha, Violone<\/strong><br \/>\n<strong>Martina Schobersberger, Cembalo und Orgelpositiv<\/strong><br \/>\n<strong>Thomas Boysen, Theorbe<\/strong><br \/>\n<strong>Kammerchor Collegium vocale Innsbruck, Vokalensemble Vocappella Innsbruck<\/strong><br \/>\n<strong>Leitung \u2013 Bernhard Sieberer<\/strong><\/h6>\n<h4>\n<strong>12. April 2008 \u2013 Pfarrkirche Kitzb\u00fchel<\/strong><br \/>\n<strong>13. April 2008, Pfarrkirche St. Paulus Innsbruck<\/strong><\/h4>\n<h4>Der Messias von G. F. H\u00e4ndel (Fassung von W.A. Mozart)<\/h4>\n<h6><strong>Nathalie Gaudefroy, Sopran<\/strong><br \/>\n<strong>Barbara H\u00f6lzl, Alt<\/strong><br \/>\n<strong>Rainer Trost, Tenor<\/strong><br \/>\n<strong>Furio Zanasi, Bass<\/strong><br \/>\n<strong>Christa Sch\u00f6nfeldinger, Glasharmonika<\/strong><br \/>\n<strong>Kammerorchester Cappella Istropolitana<\/strong><br \/>\n<strong>Leitung Bernhard Sieberer<span style=\"font-size: 14px; line-height: 1.5em;\">\u00a0<\/span><\/strong><\/h6>\n<h2>2004\/05<\/h2>\n<h4><strong>Sonntag, 14. M\u00e4rz 2004, Pfarrkirche Saggen<\/strong><\/h4>\n<h4>Schubert-Messe in G<\/h4>\n<h4>Mendelssohn:\u00a0Teile aus dem Oratorium Paulus<\/h4>\n<h6 style=\"text-align: left;\"><strong><span style=\"line-height: 1.5em;\">Maya Boog, Sopran<br \/>\n<\/span><span style=\"line-height: 1.5em;\">Wolf Matthias Friedrich, Bass<br \/>\n<\/span><span style=\"line-height: 1.5em;\">Capella Istropolitan<br \/>\n<\/span>Leitung Bernhard Sieberer<\/strong><\/h6>\n<h4><strong>Samstag, 17. Juli 2004, Vicenza<\/strong><br \/>\n<strong>Sonntag, 1. August 2004, Pfarrkirche Kitzb\u00fchel, 20 Uhr<\/strong><br \/>\n<strong>Montag, 2. August 2004, Pfarrkirche W\u00f6rgl, 20 Uhr<\/strong><\/h4>\n<h4>Sch\u00f6pfung von Joseph Haydn<\/h4>\n","protected":false},"excerpt":{"rendered":"<p>2013\/14 23. November 2013,\u00a0Pfarrkirche Saggen Abschlusskonzert Chorleiterkurs tsb Johann Christoph Friedrich Bach: Ich lieg und schlafe ganz mit Frieden \u2013 Heinrich Isaak: O heil\u2019ge Seelenspeise \u2013 Thomas Tallis: If Ye Love Me \u2013 Giovanni Perluigi da Palestrina: Sicut cervus desiderat \u2013 Tom\u00e1s Ludovico da Vittoria: Ave Maria \u2013 Johann Sebastian Bach: Wer nur den lieben [&hellip;]<\/p>\n","protected":false},"author":1,"featured_media":0,"parent":0,"menu_order":0,"comment_status":"open","ping_status":"open","template":"","meta":[],"_links":{"self":[{"href":"https:\/\/collegiumvocale.info\/index.php?rest_route=\/wp\/v2\/pages\/33"}],"collection":[{"href":"https:\/\/collegiumvocale.info\/index.php?rest_route=\/wp\/v2\/pages"}],"about":[{"href":"https:\/\/collegiumvocale.info\/index.php?rest_route=\/wp\/v2\/types\/page"}],"author":[{"embeddable":true,"href":"https:\/\/collegiumvocale.info\/index.php?rest_route=\/wp\/v2\/users\/1"}],"replies":[{"embeddable":true,"href":"https:\/\/collegiumvocale.info\/index.php?rest_route=%2Fwp%2Fv2%2Fcomments&post=33"}],"version-history":[{"count":29,"href":"https:\/\/collegiumvocale.info\/index.php?rest_route=\/wp\/v2\/pages\/33\/revisions"}],"predecessor-version":[{"id":1643,"href":"https:\/\/collegiumvocale.info\/index.php?rest_route=\/wp\/v2\/pages\/33\/revisions\/1643"}],"wp:attachment":[{"href":"https:\/\/collegiumvocale.info\/index.php?rest_route=%2Fwp%2Fv2%2Fmedia&parent=33"}],"curies":[{"name":"wp","href":"https:\/\/api.w.org\/{rel}","templated":true}]}}