{"id":22,"date":"2014-01-31T17:10:26","date_gmt":"2014-01-31T15:10:26","guid":{"rendered":"http:\/\/collegiumvocale.info\/?page_id=22"},"modified":"2026-04-21T11:53:50","modified_gmt":"2026-04-21T09:53:50","slug":"ueber-uns","status":"publish","type":"page","link":"https:\/\/collegiumvocale.info\/?page_id=22","title":{"rendered":"Chor"},"content":{"rendered":"\n<figure class=\"wp-block-image size-large\"><a href=\"https:\/\/collegiumvocale.info\/wp-content\/uploads\/2026\/04\/chor_26_04_a.jpg\"><img decoding=\"async\" loading=\"lazy\" width=\"1024\" height=\"534\" src=\"https:\/\/collegiumvocale.info\/wp-content\/uploads\/2026\/04\/chor_26_04_a-1024x534.jpg\" alt=\"\" class=\"wp-image-1622\" srcset=\"https:\/\/collegiumvocale.info\/wp-content\/uploads\/2026\/04\/chor_26_04_a-1024x534.jpg 1024w, https:\/\/collegiumvocale.info\/wp-content\/uploads\/2026\/04\/chor_26_04_a-300x156.jpg 300w, https:\/\/collegiumvocale.info\/wp-content\/uploads\/2026\/04\/chor_26_04_a-768x400.jpg 768w, https:\/\/collegiumvocale.info\/wp-content\/uploads\/2026\/04\/chor_26_04_a-1536x801.jpg 1536w, https:\/\/collegiumvocale.info\/wp-content\/uploads\/2026\/04\/chor_26_04_a.jpg 1999w\" sizes=\"(max-width: 1024px) 100vw, 1024px\" \/><\/a><\/figure>\n\n\n<p>Der <strong>Kammerchor Collegium vocale<\/strong> Innsbruck wurde 1985 von einer Gruppe musikbegeisterter S\u00e4nger:innen gegr\u00fcndet. Zurzeit z\u00e4hlt er an die 35 Mitglieder. Bisherige <strong>Chorleiter<\/strong> waren <strong>Georg Willi, Howard Arman,\u00a0Christoph Klemm und Bernhard Sieberer<\/strong>.<br \/>Seit 2023 ist\u00a0<a href=\"http:\/\/collegiumvocale.info\/?page_id=27\"><strong>Brigitte Wurzer<\/strong><\/a> k\u00fcnstlerische Leiterin.<\/p>\n<p>In den fast 30 Jahren seines Bestehens arbeitete der Chor sowohl mit nationalen als auch mit renommierten internationalen Dirigenten, Klangk\u00f6rpern, Solisten und Ch\u00f6ren zusammen und konnte dadurch einen gro\u00dfen Beitrag zur kulturellen Vielfalt in Tirol und \u2013 durch Konzertreisen \u2013 auch au\u00dferhalb der Region und des Landes leisten. Der Programmbogen umspannt Werke aus allen Epochen, A-cappella-St\u00fccke ebenso wie gro\u00dfe Messen und Oratorien.<\/p>\n<p>Der Chor wurde immer wieder zur Teilnahme an verschiedenen Produktionen eingeladen, wie zB Auff\u00fchrungen der Festwochen der Alten Musik\u00a0in Innsbruck (<em>Solimano<\/em> und<em> Cos\u00ec fan tutte<\/em>), des Tiroler Landestheaters (<em>Moses und Aron<\/em>, <em>Aida<\/em>) und der Tiroler Festspiele Erl (u.a. <em>Fledermaus<\/em> und <em>Sommernachtstraum<\/em>) sowie den Symphoniekonzerten der Stadt Innsbruck. H\u00f6hepunkte aus der Geschichte der gemeinsamen Produktionen sind Auff\u00fchrungen von Joseph Haydns <em>Sch\u00f6pfung<\/em> unter der Leitung von Gustav Kuhn in Vicenza und Pisa oder die ersten drei Kantanten des <em>Weihnachtsoratoriums<\/em> von Johann Sebastian Bach unter der Leitung von Georg Schm\u00f6he im Congress Innsbruck im Rahmen der Aktion \u201cLicht ins Dunkel\u201d. Das 25-j\u00e4hrige Bestehen des Kammerchores wurde mit der Auff\u00fchrung des Oratoriums <em>Paulus<\/em> von Felix Mendelssohn-Bartholdy im Juni 2010 unter der Leitung von Christoph Klemm gefeiert. Im Herbst desselben Jahres wurde der Chor eingeladen, am Festkonzert zur 150-Jahr-Feier des Tiroler S\u00e4ngerbundes mitzuwirken, in deren Rahmen Arthur Honeggers Oratorium<em> K\u00f6nig David<\/em> unter der Leitung von Howard Arman aufgef\u00fchrt wurde.<\/p>\n<p>Im Laufe der Jahre entstanden zudem zahlreiche Rundfunk- und Fernsehaufnahmen sowie CD-Einspielungen, unter anderem ein Querschnitt des Oratoriums <em>Paulus<\/em>, ein Livemitschnitt des <em>Deutschen Requiems<\/em> von Johannes Brahms oder \u2013 in Zusammenarbeit mit \u2013 eine CD mit Weihnachtsmusik aus Europa. Die CD <em>Fortuna<\/em>, die in Zusammenarbeit mit dem Vokalensemble Vocapella Innsbruck entstand, bietet einen Querschnitt von Aufnahmen und Konzertmitschnitten aus den Jahren 1995 bis 2012.<\/p>","protected":false},"excerpt":{"rendered":"<p>Der Kammerchor Collegium vocale Innsbruck wurde 1985 von einer Gruppe musikbegeisterter S\u00e4nger:innen gegr\u00fcndet. Zurzeit z\u00e4hlt er an die 35 Mitglieder. Bisherige Chorleiter waren Georg Willi, Howard Arman,\u00a0Christoph Klemm und Bernhard Sieberer.Seit 2023 ist\u00a0Brigitte Wurzer k\u00fcnstlerische Leiterin. In den fast 30 Jahren seines Bestehens arbeitete der Chor sowohl mit nationalen als auch mit renommierten internationalen Dirigenten, [&hellip;]<\/p>\n","protected":false},"author":1,"featured_media":0,"parent":0,"menu_order":0,"comment_status":"open","ping_status":"open","template":"","meta":[],"_links":{"self":[{"href":"https:\/\/collegiumvocale.info\/index.php?rest_route=\/wp\/v2\/pages\/22"}],"collection":[{"href":"https:\/\/collegiumvocale.info\/index.php?rest_route=\/wp\/v2\/pages"}],"about":[{"href":"https:\/\/collegiumvocale.info\/index.php?rest_route=\/wp\/v2\/types\/page"}],"author":[{"embeddable":true,"href":"https:\/\/collegiumvocale.info\/index.php?rest_route=\/wp\/v2\/users\/1"}],"replies":[{"embeddable":true,"href":"https:\/\/collegiumvocale.info\/index.php?rest_route=%2Fwp%2Fv2%2Fcomments&post=22"}],"version-history":[{"count":12,"href":"https:\/\/collegiumvocale.info\/index.php?rest_route=\/wp\/v2\/pages\/22\/revisions"}],"predecessor-version":[{"id":1625,"href":"https:\/\/collegiumvocale.info\/index.php?rest_route=\/wp\/v2\/pages\/22\/revisions\/1625"}],"wp:attachment":[{"href":"https:\/\/collegiumvocale.info\/index.php?rest_route=%2Fwp%2Fv2%2Fmedia&parent=22"}],"curies":[{"name":"wp","href":"https:\/\/api.w.org\/{rel}","templated":true}]}}